{"id":2153,"date":"2026-04-18T18:59:41","date_gmt":"2026-04-18T16:59:41","guid":{"rendered":"https:\/\/anielskabizuteria.pl\/?post_type=product&#038;p=2153"},"modified":"2026-04-19T16:25:57","modified_gmt":"2026-04-19T14:25:57","slug":"bransoletka-pierwsza-komunia-swieta-serce-kwarc-rozowy-pamiatka-pierwszej-komunii-swietej","status":"publish","type":"product","link":"https:\/\/anielskabizuteria.pl\/index.php\/produkt\/bransoletka-pierwsza-komunia-swieta-serce-kwarc-rozowy-pamiatka-pierwszej-komunii-swietej\/","title":{"rendered":"Bransoletka Pierwsza Komunia \u015awi\u0119ta Serce &#8211; Kwarc R\u00f3\u017cowy &#8211; Pami\u0105tka Pierwszej Komunii \u015awi\u0119tej"},"content":{"rendered":"<p>Bransoletka z <strong>sercem<\/strong> \u2013 subtelny upominek na <strong>Pierwsz\u0105 Komuni\u0119 \u015awi\u0119t\u0105<\/strong><br \/>Drobna, delikatna i pe\u0142na wdzi\u0119ku \u2013 ta bransoletka z <strong>sercem symbolizuje mi\u0142o\u015b\u0107, blisko\u015b\u0107 i duchow\u0105 opiek\u0119<\/strong>. To pi\u0119kny spos\u00f3b, by uczci\u0107 wyj\u0105tkowy dzie\u0144 Pierwszej Komunii \u015awi\u0119tej i podarowa\u0107 pami\u0105tk\u0119, kt\u00f3ra wyrazi to, co najwa\u017cniejsze: serce pe\u0142ne wiary i mi\u0142o\u015bci.<\/p>\n<p>Centralny element bransoletki \u2013 serce z poz\u0142acanego hematytu \u2013 subtelnie mieni si\u0119 w zale\u017cno\u015bci od k\u0105ta padania \u015bwiat\u0142a. Jego ciep\u0142y, z\u0142oty odcie\u0144 dodaje ca\u0142o\u015bci szlachetno\u015bci i wyj\u0105tkowego charakteru, przyci\u0105gaj\u0105c wzrok delikatnym, zmiennym po\u0142yskiem.<\/p>\n<p><strong>KAMIENIE<\/strong>: Kwarc R\u00f3\u017cowy 4 i 3 mm i serce z Hematytu.<br \/><strong>ROZMIAR BRANSOLETKI:<\/strong> D\u0142ugo\u015b\u0107 dopasowana do dzieci\u0119cego nadgarstka, z regulacj\u0105 w formie makramy.<br \/><strong>SZNUREK: <\/strong>Jubilerski nylonowy w kolorze <strong>r\u00f3\u017cowym.<\/strong><br \/><strong>PRZEK\u0141ADKI:<\/strong> Hematyt w kolorze z\u0142otym.<\/p>\n<p><strong>JAK PAKUJEMY BRANSOLETKI?<\/strong><br \/>Bransoletk\u0119 pakujemy w bia\u0142e pude\u0142ko jubilerskie. Wewn\u0105trz znajduje si\u0119 tak\u017ce karteczka z \u017cyczeniami, dope\u0142niaj\u0105ca ca\u0142o\u015b\u0107 i podkre\u015blaj\u0105ca wyj\u0105tkowy charakter tego dnia.<\/p>\n","protected":false},"excerpt":{"rendered":"<p>Bransoletka z sercem \u2013 subtelny upominek na Pierwsz\u0105 Komuni\u0119 \u015awi\u0119t\u0105Drobna, delikatna i pe\u0142na wdzi\u0119ku \u2013 ta bransoletka z sercem symbolizuje mi\u0142o\u015b\u0107, blisko\u015b\u0107 i duchow\u0105 opiek\u0119. To pi\u0119kny spos\u00f3b, by uczci\u0107 wyj\u0105tkowy dzie\u0144 Pierwszej Komunii \u015awi\u0119tej i podarowa\u0107 pami\u0105tk\u0119, kt\u00f3ra wyrazi to, co najwa\u017cniejsze: serce pe\u0142ne wiary i mi\u0142o\u015bci. Centralny element bransoletki \u2013 serce z poz\u0142acanego [&hellip;]<\/p>\n","protected":false},"featured_media":2157,"template":"","meta":{"_acf_changed":false},"product_brand":[20],"product_cat":[23,16],"product_tag":[],"class_list":{"0":"post-2153","1":"product","2":"type-product","3":"status-publish","4":"has-post-thumbnail","6":"product_brand-anielskabizuteria-pl","7":"product_cat-bransoletki","8":"product_cat-pierwsza-komunia-swieta","10":"first","11":"instock","12":"sale","13":"shipping-taxable","14":"purchasable","15":"product-type-simple"},"acf":[],"jetpack_sharing_enabled":true,"_links":{"self":[{"href":"https:\/\/anielskabizuteria.pl\/index.php\/wp-json\/wp\/v2\/product\/2153","targetHints":{"allow":["GET"]}}],"collection":[{"href":"https:\/\/anielskabizuteria.pl\/index.php\/wp-json\/wp\/v2\/product"}],"about":[{"href":"https:\/\/anielskabizuteria.pl\/index.php\/wp-json\/wp\/v2\/types\/product"}],"version-history":[{"count":1,"href":"https:\/\/anielskabizuteria.pl\/index.php\/wp-json\/wp\/v2\/product\/2153\/revisions"}],"predecessor-version":[{"id":2156,"href":"https:\/\/anielskabizuteria.pl\/index.php\/wp-json\/wp\/v2\/product\/2153\/revisions\/2156"}],"wp:featuredmedia":[{"embeddable":true,"href":"https:\/\/anielskabizuteria.pl\/index.php\/wp-json\/wp\/v2\/media\/2157"}],"wp:attachment":[{"href":"https:\/\/anielskabizuteria.pl\/index.php\/wp-json\/wp\/v2\/media?parent=2153"}],"wp:term":[{"taxonomy":"product_brand","embeddable":true,"href":"https:\/\/anielskabizuteria.pl\/index.php\/wp-json\/wp\/v2\/product_brand?post=2153"},{"taxonomy":"product_cat","embeddable":true,"href":"https:\/\/anielskabizuteria.pl\/index.php\/wp-json\/wp\/v2\/product_cat?post=2153"},{"taxonomy":"product_tag","embeddable":true,"href":"https:\/\/anielskabizuteria.pl\/index.php\/wp-json\/wp\/v2\/product_tag?post=2153"}],"curies":[{"name":"wp","href":"https:\/\/api.w.org\/{rel}","templated":true}]}}