{"id":2136,"date":"2026-04-18T17:24:28","date_gmt":"2026-04-18T15:24:28","guid":{"rendered":"https:\/\/anielskabizuteria.pl\/?post_type=product&#038;p=2136"},"modified":"2026-04-20T10:24:00","modified_gmt":"2026-04-20T08:24:00","slug":"bransoletka-rozaniec-pierwsza-komunia-swieta-kwarc-rozowy-pamiatka-pierwszej-komunii-swietej","status":"publish","type":"product","link":"https:\/\/anielskabizuteria.pl\/index.php\/produkt\/bransoletka-rozaniec-pierwsza-komunia-swieta-kwarc-rozowy-pamiatka-pierwszej-komunii-swietej\/","title":{"rendered":"Bransoletka R\u00f3\u017caniec Pierwsza Komunia \u015awi\u0119ta &#8211; Kwarc R\u00f3\u017cowy &#8211; Pami\u0105tka Pierwszej Komunii \u015awi\u0119tej"},"content":{"rendered":"<p>Bransoletka &#8222;<strong>R\u00f3\u017caniec<\/strong>&#8221; \u2013 wyj\u0105tkowy prezent na<strong> Pierwsz\u0105 Komuni\u0119 \u015awi\u0119t\u0105.<\/strong><br \/>Subtelna i pe\u0142na znaczenia \u2013 ta bransoletka to nie tylko pi\u0119kna pami\u0105tka, ale te\u017c symbol wiary i opieki Bo\u017cej. Delikatny r\u00f3\u017caniec w nowoczesnej formie b\u0119dzie codziennym przypomnieniem o tym wyj\u0105tkowym dniu. Idealny upominek, kt\u00f3ry ucieszy i wzruszy w tak wa\u017cnym momencie \u017cycia.<\/p>\n<p><strong>KAMIENIE<\/strong>: Kwarc r\u00f3\u017c\u00f3wy 3 mm.<br \/><strong>KRZY\u017bYK:<\/strong> Cyrkonia i stal szlachetna PVD charakteryzuj\u0105ca si\u0119 wysok\u0105 odporno\u015bci\u0105.<br \/><strong>ROZMIAR BRANSOLETKI:<\/strong> D\u0142ugo\u015b\u0107 dopasowana do dzieci\u0119cego nadgarstka, z regulacj\u0105 w formie makramy.<br \/><strong>SZNUREK: <\/strong>Jubilerski nylonowy w kolorze <strong>be\u017cowym.<\/strong><br \/><strong>PRZEK\u0141ADKI:<\/strong> Hematyt w kolorze z\u0142otym.<\/p>\n<p><strong>JAK PAKUJEMY BRANSOLETKI?<\/strong><br \/>Bransoletk\u0119 pakujemy w bia\u0142e pude\u0142ko jubilerskie. Wewn\u0105trz znajduje si\u0119 tak\u017ce karteczka z \u017cyczeniami, dope\u0142niaj\u0105ca ca\u0142o\u015b\u0107 i podkre\u015blaj\u0105ca wyj\u0105tkowy charakter tego dnia.<\/p>\n","protected":false},"excerpt":{"rendered":"<p>Bransoletka &#8222;R\u00f3\u017caniec&#8221; \u2013 wyj\u0105tkowy prezent na Pierwsz\u0105 Komuni\u0119 \u015awi\u0119t\u0105.Subtelna i pe\u0142na znaczenia \u2013 ta bransoletka to nie tylko pi\u0119kna pami\u0105tka, ale te\u017c symbol wiary i opieki Bo\u017cej. Delikatny r\u00f3\u017caniec w nowoczesnej formie b\u0119dzie codziennym przypomnieniem o tym wyj\u0105tkowym dniu. Idealny upominek, kt\u00f3ry ucieszy i wzruszy w tak wa\u017cnym momencie \u017cycia. KAMIENIE: Kwarc r\u00f3\u017c\u00f3wy 3 mm.KRZY\u017bYK: [&hellip;]<\/p>\n","protected":false},"featured_media":2138,"template":"","meta":{"_acf_changed":false},"product_brand":[20],"product_cat":[23,16],"product_tag":[],"class_list":{"0":"post-2136","1":"product","2":"type-product","3":"status-publish","4":"has-post-thumbnail","6":"product_brand-anielskabizuteria-pl","7":"product_cat-bransoletki","8":"product_cat-pierwsza-komunia-swieta","10":"first","11":"instock","12":"sale","13":"shipping-taxable","14":"purchasable","15":"product-type-simple"},"acf":[],"jetpack_sharing_enabled":true,"_links":{"self":[{"href":"https:\/\/anielskabizuteria.pl\/index.php\/wp-json\/wp\/v2\/product\/2136","targetHints":{"allow":["GET"]}}],"collection":[{"href":"https:\/\/anielskabizuteria.pl\/index.php\/wp-json\/wp\/v2\/product"}],"about":[{"href":"https:\/\/anielskabizuteria.pl\/index.php\/wp-json\/wp\/v2\/types\/product"}],"version-history":[{"count":2,"href":"https:\/\/anielskabizuteria.pl\/index.php\/wp-json\/wp\/v2\/product\/2136\/revisions"}],"predecessor-version":[{"id":2141,"href":"https:\/\/anielskabizuteria.pl\/index.php\/wp-json\/wp\/v2\/product\/2136\/revisions\/2141"}],"wp:featuredmedia":[{"embeddable":true,"href":"https:\/\/anielskabizuteria.pl\/index.php\/wp-json\/wp\/v2\/media\/2138"}],"wp:attachment":[{"href":"https:\/\/anielskabizuteria.pl\/index.php\/wp-json\/wp\/v2\/media?parent=2136"}],"wp:term":[{"taxonomy":"product_brand","embeddable":true,"href":"https:\/\/anielskabizuteria.pl\/index.php\/wp-json\/wp\/v2\/product_brand?post=2136"},{"taxonomy":"product_cat","embeddable":true,"href":"https:\/\/anielskabizuteria.pl\/index.php\/wp-json\/wp\/v2\/product_cat?post=2136"},{"taxonomy":"product_tag","embeddable":true,"href":"https:\/\/anielskabizuteria.pl\/index.php\/wp-json\/wp\/v2\/product_tag?post=2136"}],"curies":[{"name":"wp","href":"https:\/\/api.w.org\/{rel}","templated":true}]}}