{"id":2128,"date":"2026-04-18T15:10:44","date_gmt":"2026-04-18T13:10:44","guid":{"rendered":"https:\/\/anielskabizuteria.pl\/?post_type=product&#038;p=2128"},"modified":"2026-04-19T10:39:33","modified_gmt":"2026-04-19T08:39:33","slug":"rozaniec-onyks-bransoletka-matowa-dla-chlopca-pierwsza-komunia-swieta-pamiatka-pierwszej-komunii-swietej","status":"publish","type":"product","link":"https:\/\/anielskabizuteria.pl\/index.php\/produkt\/rozaniec-onyks-bransoletka-matowa-dla-chlopca-pierwsza-komunia-swieta-pamiatka-pierwszej-komunii-swietej\/","title":{"rendered":"R\u00f3\u017caniec Onyks Bransoletka matowa dla Ch\u0142opca Pierwsza Komunia \u015awi\u0119ta &#8211; Pami\u0105tka Pierwszej Komunii \u015awi\u0119tej"},"content":{"rendered":"<p>Bransoletka z krzy\u017cem &#8211; r\u00f3\u017caniec \u2013 symboliczny upominek na Pierwsz\u0105 Komuni\u0119 \u015awi\u0119t\u0105 dla ch\u0142opca.<br \/>Ta subtelna, a jednocze\u015bnie wyrazista bransoletka zosta\u0142a stworzona z my\u015bl\u0105 o ch\u0142opcu przyst\u0119puj\u0105cym do Pierwszej Komunii \u015awi\u0119tej. Wykonana z onyks\u00f3w (6 mm) \u2013 w matowym wyko\u0144czeniu \u2013 tworzy eleganck\u0105, czarno-grafitow\u0105 kompozycj\u0119. Centralnym elementem jest ciemnografitowy krzy\u017c z hematytu, kt\u00f3ry nadaje ca\u0142o\u015bci g\u0142\u0119bi i powagi. Drobne przek\u0142adki z hematytu w ciemnym odcieniu podkre\u015blaj\u0105 sp\u00f3jno\u015b\u0107 i charakter bransoletki.<\/p>\n<p>Ca\u0142o\u015b\u0107 zosta\u0142a starannie nawleczona na wytrzyma\u0142y, czarny sznurek jubilerski. To wyj\u0105tkowa pami\u0105tka, kt\u00f3ra z klas\u0105 upami\u0119tni ten wa\u017cny dzie\u0144 w \u017cyciu m\u0142odego cz\u0142owieka.<\/p>\n<p><strong>KAMIENIE<\/strong>: Onyks 6 mm i grafitowy krzy\u017c z Hematytu.<br \/><strong>ROZMIAR BRANSOLETKI:<\/strong> D\u0142ugo\u015b\u0107 dopasowana do dzieci\u0119cego nadgarstka, z regulacj\u0105 w formie makramy.<br \/><strong>SZNUREK: <\/strong>Jubilerski nylonowy w kolorze <strong>czarnym.<\/strong><br \/><strong>PRZEK\u0141ADKI:<\/strong> Hematyt w kolorze grafitowym.<\/p>\n<p><strong>JAK PAKUJEMY BRANSOLETKI?<\/strong><br \/>Bransoletk\u0119 pakujemy w bia\u0142e pude\u0142ko jubilerskie. Wewn\u0105trz znajduje si\u0119 tak\u017ce karteczka z \u017cyczeniami, dope\u0142niaj\u0105ca ca\u0142o\u015b\u0107 i podkre\u015blaj\u0105ca wyj\u0105tkowy charakter tego dnia.<\/p>\n","protected":false},"excerpt":{"rendered":"<p>Bransoletka z krzy\u017cem &#8211; r\u00f3\u017caniec \u2013 symboliczny upominek na Pierwsz\u0105 Komuni\u0119 \u015awi\u0119t\u0105 dla ch\u0142opca.Ta subtelna, a jednocze\u015bnie wyrazista bransoletka zosta\u0142a stworzona z my\u015bl\u0105 o ch\u0142opcu przyst\u0119puj\u0105cym do Pierwszej Komunii \u015awi\u0119tej. Wykonana z onyks\u00f3w (6 mm) \u2013 w matowym wyko\u0144czeniu \u2013 tworzy eleganck\u0105, czarno-grafitow\u0105 kompozycj\u0119. Centralnym elementem jest ciemnografitowy krzy\u017c z hematytu, kt\u00f3ry nadaje ca\u0142o\u015bci g\u0142\u0119bi [&hellip;]<\/p>\n","protected":false},"featured_media":2130,"template":"","meta":{"_acf_changed":false},"product_brand":[20],"product_cat":[23,16],"product_tag":[],"class_list":{"0":"post-2128","1":"product","2":"type-product","3":"status-publish","4":"has-post-thumbnail","6":"product_brand-anielskabizuteria-pl","7":"product_cat-bransoletki","8":"product_cat-pierwsza-komunia-swieta","10":"first","11":"instock","12":"sale","13":"shipping-taxable","14":"purchasable","15":"product-type-simple"},"acf":[],"jetpack_sharing_enabled":true,"_links":{"self":[{"href":"https:\/\/anielskabizuteria.pl\/index.php\/wp-json\/wp\/v2\/product\/2128","targetHints":{"allow":["GET"]}}],"collection":[{"href":"https:\/\/anielskabizuteria.pl\/index.php\/wp-json\/wp\/v2\/product"}],"about":[{"href":"https:\/\/anielskabizuteria.pl\/index.php\/wp-json\/wp\/v2\/types\/product"}],"version-history":[{"count":2,"href":"https:\/\/anielskabizuteria.pl\/index.php\/wp-json\/wp\/v2\/product\/2128\/revisions"}],"predecessor-version":[{"id":2132,"href":"https:\/\/anielskabizuteria.pl\/index.php\/wp-json\/wp\/v2\/product\/2128\/revisions\/2132"}],"wp:featuredmedia":[{"embeddable":true,"href":"https:\/\/anielskabizuteria.pl\/index.php\/wp-json\/wp\/v2\/media\/2130"}],"wp:attachment":[{"href":"https:\/\/anielskabizuteria.pl\/index.php\/wp-json\/wp\/v2\/media?parent=2128"}],"wp:term":[{"taxonomy":"product_brand","embeddable":true,"href":"https:\/\/anielskabizuteria.pl\/index.php\/wp-json\/wp\/v2\/product_brand?post=2128"},{"taxonomy":"product_cat","embeddable":true,"href":"https:\/\/anielskabizuteria.pl\/index.php\/wp-json\/wp\/v2\/product_cat?post=2128"},{"taxonomy":"product_tag","embeddable":true,"href":"https:\/\/anielskabizuteria.pl\/index.php\/wp-json\/wp\/v2\/product_tag?post=2128"}],"curies":[{"name":"wp","href":"https:\/\/api.w.org\/{rel}","templated":true}]}}