{"id":2010,"date":"2026-04-08T19:32:59","date_gmt":"2026-04-08T17:32:59","guid":{"rendered":"https:\/\/anielskabizuteria.pl\/?post_type=product&#038;p=2010"},"modified":"2026-04-08T19:34:09","modified_gmt":"2026-04-08T17:34:09","slug":"bransoletka-rozaniec-pierwsza-komunia-swieta-amazonit-pamiatka-pierwszej-komunii-swietej","status":"publish","type":"product","link":"https:\/\/anielskabizuteria.pl\/index.php\/produkt\/bransoletka-rozaniec-pierwsza-komunia-swieta-amazonit-pamiatka-pierwszej-komunii-swietej\/","title":{"rendered":"Bransoletka R\u00f3\u017caniec Pierwsza Komunia \u015awi\u0119ta &#8211; Amazonit &#8211; Pami\u0105tka Pierwszej Komunii \u015awi\u0119tej"},"content":{"rendered":"<p>Bransoletka &#8222;<strong>R\u00f3\u017caniec<\/strong>&#8221; \u2013 wyj\u0105tkowy prezent na<strong> Pierwsz\u0105 Komuni\u0119 \u015awi\u0119t\u0105.<\/strong><br \/>Subtelna i pe\u0142na znaczenia \u2013 ta bransoletka to nie tylko pi\u0119kna pami\u0105tka, ale te\u017c symbol wiary i opieki Bo\u017cej. Delikatny r\u00f3\u017caniec w nowoczesnej formie b\u0119dzie codziennym przypomnieniem o tym wyj\u0105tkowym dniu. Idealny upominek, kt\u00f3ry ucieszy i wzruszy w tak wa\u017cnym momencie \u017cycia.<\/p>\n<p><strong>KAMIENIE<\/strong>: Amazonit 3 mm i krzy\u017c z Hematytu.<br \/><strong>ROZMIAR BRANSOLETKI:<\/strong> D\u0142ugo\u015b\u0107 dopasowana do dzieci\u0119cego nadgarstka, z regulacj\u0105 w formie makramy.<br \/><strong>SZNUREK: <\/strong>Jubilerski nylonowy w kolorze <strong>be\u017cowym.<\/strong><br \/><strong>PRZEK\u0141ADKI:<\/strong> Hematyt w kolorze z\u0142otym.<\/p>\n<p><strong>JAK PAKUJEMY BRANSOLETKI?<\/strong><br \/>Bransoletk\u0119 pakujemy w bia\u0142e pude\u0142ko jubilerskie. Wewn\u0105trz znajduje si\u0119 tak\u017ce karteczka z \u017cyczeniami, dope\u0142niaj\u0105ca ca\u0142o\u015b\u0107 i podkre\u015blaj\u0105ca wyj\u0105tkowy charakter tego dnia.<\/p>\n","protected":false},"excerpt":{"rendered":"<p>Bransoletka &#8222;R\u00f3\u017caniec&#8221; \u2013 wyj\u0105tkowy prezent na Pierwsz\u0105 Komuni\u0119 \u015awi\u0119t\u0105.Subtelna i pe\u0142na znaczenia \u2013 ta bransoletka to nie tylko pi\u0119kna pami\u0105tka, ale te\u017c symbol wiary i opieki Bo\u017cej. Delikatny r\u00f3\u017caniec w nowoczesnej formie b\u0119dzie codziennym przypomnieniem o tym wyj\u0105tkowym dniu. Idealny upominek, kt\u00f3ry ucieszy i wzruszy w tak wa\u017cnym momencie \u017cycia. KAMIENIE: Amazonit 3 mm i [&hellip;]<\/p>\n","protected":false},"featured_media":2012,"template":"","meta":{"_acf_changed":false},"product_brand":[20],"product_cat":[16],"product_tag":[],"class_list":{"0":"post-2010","1":"product","2":"type-product","3":"status-publish","4":"has-post-thumbnail","6":"product_brand-anielskabizuteria-pl","7":"product_cat-pierwsza-komunia-swieta","9":"first","10":"instock","11":"sale","12":"shipping-taxable","13":"purchasable","14":"product-type-simple"},"acf":[],"jetpack_sharing_enabled":true,"_links":{"self":[{"href":"https:\/\/anielskabizuteria.pl\/index.php\/wp-json\/wp\/v2\/product\/2010","targetHints":{"allow":["GET"]}}],"collection":[{"href":"https:\/\/anielskabizuteria.pl\/index.php\/wp-json\/wp\/v2\/product"}],"about":[{"href":"https:\/\/anielskabizuteria.pl\/index.php\/wp-json\/wp\/v2\/types\/product"}],"version-history":[{"count":1,"href":"https:\/\/anielskabizuteria.pl\/index.php\/wp-json\/wp\/v2\/product\/2010\/revisions"}],"predecessor-version":[{"id":2013,"href":"https:\/\/anielskabizuteria.pl\/index.php\/wp-json\/wp\/v2\/product\/2010\/revisions\/2013"}],"wp:featuredmedia":[{"embeddable":true,"href":"https:\/\/anielskabizuteria.pl\/index.php\/wp-json\/wp\/v2\/media\/2012"}],"wp:attachment":[{"href":"https:\/\/anielskabizuteria.pl\/index.php\/wp-json\/wp\/v2\/media?parent=2010"}],"wp:term":[{"taxonomy":"product_brand","embeddable":true,"href":"https:\/\/anielskabizuteria.pl\/index.php\/wp-json\/wp\/v2\/product_brand?post=2010"},{"taxonomy":"product_cat","embeddable":true,"href":"https:\/\/anielskabizuteria.pl\/index.php\/wp-json\/wp\/v2\/product_cat?post=2010"},{"taxonomy":"product_tag","embeddable":true,"href":"https:\/\/anielskabizuteria.pl\/index.php\/wp-json\/wp\/v2\/product_tag?post=2010"}],"curies":[{"name":"wp","href":"https:\/\/api.w.org\/{rel}","templated":true}]}}