{"id":1992,"date":"2026-04-08T19:09:19","date_gmt":"2026-04-08T17:09:19","guid":{"rendered":"https:\/\/anielskabizuteria.pl\/?post_type=product&#038;p=1992"},"modified":"2026-04-14T09:27:13","modified_gmt":"2026-04-14T07:27:13","slug":"bransoletka-perla-pierwsza-komunia-swieta-z-perla-pamiatka-pierwszej-komunii-swietej-2","status":"publish","type":"product","link":"https:\/\/anielskabizuteria.pl\/index.php\/produkt\/bransoletka-perla-pierwsza-komunia-swieta-z-perla-pamiatka-pierwszej-komunii-swietej-2\/","title":{"rendered":"Bransoletka Per\u0142a Pierwsza Komunia \u015awi\u0119ta z Per\u0142\u0105 &#8211; Pami\u0105tka Pierwszej Komunii \u015awi\u0119tej"},"content":{"rendered":"<p>Bransoletka z per\u0142\u0105 \u2013 subtelny upominek na Pierwsz\u0105 Komuni\u0119 \u015awi\u0119t\u0105<\/p>\n<p>Drobna, delikatna i pe\u0142na symboliki \u2013 ta bransoletka zosta\u0142a stworzona z my\u015bl\u0105 o wyj\u0105tkowym dniu, jakim jest Pierwsza Komunia \u015awi\u0119ta. W jej centralnym punkcie znajduje si\u0119 naturalna per\u0142a hodowlana \u2013 unikalna w swoim kszta\u0142cie, tak jak wyj\u0105tkowa jest chwila, kt\u00f3r\u0105 symbolizuje. Towarzysz\u0105 jej ametyst i fosfosyderyt \u2013 subtelne kamienie o \u0142agodnych odcieniach. To pi\u0119kna pami\u0105tka pe\u0142na czu\u0142o\u015bci, kt\u00f3ra wyrazi serce pe\u0142ne wiary, mi\u0142o\u015bci i nadziei.<\/p>\n<p><strong>KAMIENIE<\/strong>: Per\u0142a Hodowlana oko\u0142o 5 mm, Ametyst i Fosfosyderyt wielko\u015b\u0107 od 4 do 3 mm.<br \/><strong>ROZMIAR BRANSOLETKI:<\/strong> D\u0142ugo\u015b\u0107 dopasowana do dzieci\u0119cego nadgarstka, z regulacj\u0105 w formie makramy.<br \/><strong>SZNUREK: <\/strong>Jubilerski nylonowy w kolorze <strong>be\u017cowym.<\/strong><br \/><strong>PRZEK\u0141ADKI:<\/strong> Hematyt w kolorze z\u0142otym.<\/p>\n<p><strong>JAK PAKUJEMY BRANSOLETKI?<\/strong><br \/>Bransoletk\u0119 pakujemy w bia\u0142e pude\u0142ko jubilerskie. Wewn\u0105trz znajduje si\u0119 tak\u017ce karteczka z \u017cyczeniami, dope\u0142niaj\u0105ca ca\u0142o\u015b\u0107 i podkre\u015blaj\u0105ca wyj\u0105tkowy charakter tego dnia.<\/p>\n","protected":false},"excerpt":{"rendered":"<p>Bransoletka z per\u0142\u0105 \u2013 subtelny upominek na Pierwsz\u0105 Komuni\u0119 \u015awi\u0119t\u0105 Drobna, delikatna i pe\u0142na symboliki \u2013 ta bransoletka zosta\u0142a stworzona z my\u015bl\u0105 o wyj\u0105tkowym dniu, jakim jest Pierwsza Komunia \u015awi\u0119ta. W jej centralnym punkcie znajduje si\u0119 naturalna per\u0142a hodowlana \u2013 unikalna w swoim kszta\u0142cie, tak jak wyj\u0105tkowa jest chwila, kt\u00f3r\u0105 symbolizuje. Towarzysz\u0105 jej ametyst i [&hellip;]<\/p>\n","protected":false},"featured_media":1993,"template":"","meta":{"_acf_changed":false},"product_brand":[20],"product_cat":[16],"product_tag":[],"class_list":{"0":"post-1992","1":"product","2":"type-product","3":"status-publish","4":"has-post-thumbnail","6":"product_brand-anielskabizuteria-pl","7":"product_cat-pierwsza-komunia-swieta","9":"first","10":"instock","11":"sale","12":"shipping-taxable","13":"purchasable","14":"product-type-simple"},"acf":[],"jetpack_sharing_enabled":true,"_links":{"self":[{"href":"https:\/\/anielskabizuteria.pl\/index.php\/wp-json\/wp\/v2\/product\/1992","targetHints":{"allow":["GET"]}}],"collection":[{"href":"https:\/\/anielskabizuteria.pl\/index.php\/wp-json\/wp\/v2\/product"}],"about":[{"href":"https:\/\/anielskabizuteria.pl\/index.php\/wp-json\/wp\/v2\/types\/product"}],"version-history":[{"count":1,"href":"https:\/\/anielskabizuteria.pl\/index.php\/wp-json\/wp\/v2\/product\/1992\/revisions"}],"predecessor-version":[{"id":1995,"href":"https:\/\/anielskabizuteria.pl\/index.php\/wp-json\/wp\/v2\/product\/1992\/revisions\/1995"}],"wp:featuredmedia":[{"embeddable":true,"href":"https:\/\/anielskabizuteria.pl\/index.php\/wp-json\/wp\/v2\/media\/1993"}],"wp:attachment":[{"href":"https:\/\/anielskabizuteria.pl\/index.php\/wp-json\/wp\/v2\/media?parent=1992"}],"wp:term":[{"taxonomy":"product_brand","embeddable":true,"href":"https:\/\/anielskabizuteria.pl\/index.php\/wp-json\/wp\/v2\/product_brand?post=1992"},{"taxonomy":"product_cat","embeddable":true,"href":"https:\/\/anielskabizuteria.pl\/index.php\/wp-json\/wp\/v2\/product_cat?post=1992"},{"taxonomy":"product_tag","embeddable":true,"href":"https:\/\/anielskabizuteria.pl\/index.php\/wp-json\/wp\/v2\/product_tag?post=1992"}],"curies":[{"name":"wp","href":"https:\/\/api.w.org\/{rel}","templated":true}]}}